{"id":12,"date":"2023-04-24T21:49:44","date_gmt":"2023-04-24T21:49:44","guid":{"rendered":"https:\/\/synchroproyectos.com\/?page_id=12"},"modified":"2023-05-19T15:41:55","modified_gmt":"2023-05-19T15:41:55","slug":"servicios","status":"publish","type":"page","link":"https:\/\/synchroproyectos.com\/en\/servicios\/","title":{"rendered":"Services"},"content":{"rendered":"<p>[et_pb_section fb_built=&#8221;1&#8243; admin_label=&#8221;Header&#8221; _builder_version=&#8221;4.16&#8243; _module_preset=&#8221;default&#8221; background_color=&#8221;#f7f7f7&#8243; use_background_color_gradient=&#8221;on&#8221; background_color_gradient_direction=&#8221;90deg&#8221; background_color_gradient_stops=&#8221;#f7f7f7 66%|#ffffff 66%&#8221; background_color_gradient_start=&#8221;#f7f7f7&#8243; background_color_gradient_start_position=&#8221;66%&#8221; background_color_gradient_end=&#8221;#ffffff&#8221; background_color_gradient_end_position=&#8221;0%&#8221; custom_margin=&#8221;|||||&#8221; custom_padding=&#8221;||0px|||&#8221; background_last_edited=&#8221;on|tablet&#8221; use_background_color_gradient_tablet=&#8221;on&#8221; background_color_gradient_stops_tablet=&#8221;#f7f7f7 100%|#ffffff 100%&#8221; background_color_gradient_start_position_tablet=&#8221;100%&#8221; locked=&#8221;off&#8221; global_colors_info=&#8221;{}&#8221;][et_pb_row column_structure=&#8221;1_2,1_2&#8243; custom_padding_last_edited=&#8221;on|phone&#8221; padding_left_right_link_1=&#8221;false&#8221; _builder_version=&#8221;4.16&#8243; _module_preset=&#8221;default&#8221; background_image=&#8221;https:\/\/synchroproyectos.com\/wp-content\/uploads\/2023\/04\/green-energy-20.png&#8221; background_size=&#8221;initial&#8221; background_position=&#8221;top_left&#8221; custom_margin=&#8221;||&#8221; custom_padding=&#8221;|||20px&#8221; custom_padding_tablet=&#8221;&#8221; custom_padding_phone=&#8221;|||0px&#8221; global_colors_info=&#8221;{}&#8221;][et_pb_column type=&#8221;1_2&#8243; _builder_version=&#8221;4.16&#8243; _module_preset=&#8221;default&#8221; background_repeat=&#8221;repeat&#8221; custom_padding=&#8221;|||&#8221; custom_padding_phone=&#8221;|||0px&#8221; custom_padding_last_edited=&#8221;off|phone&#8221; global_colors_info=&#8221;{}&#8221; custom_padding__hover=&#8221;|||&#8221;][et_pb_text _builder_version=&#8221;4.17.1&#8243; _module_preset=&#8221;default&#8221; text_font=&#8221;||||||||&#8221; text_font_size=&#8221;20px&#8221; text_line_height=&#8221;1.8em&#8221; header_font=&#8221;|600|||||||&#8221; header_font_size=&#8221;60px&#8221; header_line_height=&#8221;1.1em&#8221; custom_margin=&#8221;||60px&#8221; text_font_size_tablet=&#8221;&#8221; text_font_size_phone=&#8221;14px&#8221; text_font_size_last_edited=&#8221;on|desktop&#8221; header_font_size_tablet=&#8221;50px&#8221; header_font_size_phone=&#8221;30px&#8221; header_font_size_last_edited=&#8221;on|phone&#8221; global_colors_info=&#8221;{}&#8221;]<\/p>\n<h1><span style=\"color: #0d9498;\">Servicios <\/span>&amp; Soluciones<\/h1>\n<p>Gracias a nuestra ampl\u00eda experiencia y s\u00f3lidos conocimientos en el mercado inmobiliario es que podemos ofrecer una variedad de servicios integrales dentro del mercado y eso es uno de los principales factores que nos distinguen de la competencia.<\/p>\n<p>[\/et_pb_text][et_pb_button button_url=&#8221;https:\/\/synchroproyectos.com\/contacto\/&#8221; button_text=&#8221;Cont\u00e1ctanos&#8221; _builder_version=&#8221;4.17.1&#8243; _module_preset=&#8221;default&#8221; custom_button=&#8221;on&#8221; button_text_size=&#8221;14px&#8221; button_text_color=&#8221;#ffffff&#8221; button_bg_color=&#8221;#0d9498&#8243; button_border_color=&#8221;rgba(0,0,0,0)&#8221; button_border_radius=&#8221;100px&#8221; button_letter_spacing=&#8221;2px&#8221; button_font=&#8221;Raleway|700||on|||||&#8221; button_icon=&#8221;&#x24;||divi||400&#8243; custom_padding=&#8221;15px|40px|15px|40px|true|true&#8221; hover_enabled=&#8221;0&#8243; global_colors_info=&#8221;{}&#8221; sticky_enabled=&#8221;0&#8243;][\/et_pb_button][\/et_pb_column][et_pb_column type=&#8221;1_2&#8243; _builder_version=&#8221;4.16&#8243; _module_preset=&#8221;default&#8221; custom_padding=&#8221;|||&#8221; global_colors_info=&#8221;{}&#8221; custom_padding__hover=&#8221;|||&#8221;][et_pb_image src=&#8221;https:\/\/synchroproyectos.com\/wp-content\/uploads\/2023\/04\/Synchro-Fondo1-1.webp&#8221; title_text=&#8221;Synchro Fondo1&#8243; _builder_version=&#8221;4.17.1&#8243; _module_preset=&#8221;default&#8221; use_background_color_gradient=&#8221;on&#8221; background_color_gradient_stops=&#8221;rgba(16,40,65,0) 45%|#102841 100%&#8221; background_color_gradient_overlays_image=&#8221;on&#8221; background_color_gradient_start=&#8221;rgba(16,40,65,0)&#8221; background_color_gradient_start_position=&#8221;45%&#8221; background_color_gradient_end=&#8221;#102841&#8243; background_image=&#8221;https:\/\/synchroproyectos.com\/wp-content\/uploads\/2023\/04\/Servicios-Synchro1.jpg&#8221; custom_margin=&#8221;-100px|-12vw||&#8221; custom_margin_tablet=&#8221;0px|||&#8221; custom_margin_phone=&#8221;&#8221; custom_margin_last_edited=&#8221;on|tablet&#8221; custom_padding=&#8221;||80%|||&#8221; custom_padding_tablet=&#8221;&#8221; custom_padding_phone=&#8221;||40%&#8221; custom_padding_last_edited=&#8221;on|desktop&#8221; global_colors_info=&#8221;{}&#8221;][\/et_pb_image][\/et_pb_column][\/et_pb_row][et_pb_row column_structure=&#8221;1_2,1_2&#8243; _builder_version=&#8221;4.17.1&#8243; _module_preset=&#8221;default&#8221; locked=&#8221;off&#8221; global_colors_info=&#8221;{}&#8221;][et_pb_column type=&#8221;1_2&#8243; _builder_version=&#8221;4.16&#8243; _module_preset=&#8221;default&#8221; custom_padding=&#8221;|||&#8221; global_colors_info=&#8221;{}&#8221; custom_padding__hover=&#8221;|||&#8221;][et_pb_cta title=&#8221;Proyecto adaptado a tus necesidades&#8221; button_url=&#8221;https:\/\/synchroproyectos.com\/contacto\/&#8221; button_text=&#8221;Recibe una Asesor\u00eda&#8221; _builder_version=&#8221;4.17.1&#8243; _module_preset=&#8221;default&#8221; header_font=&#8221;|600|||||||&#8221; header_font_size=&#8221;42px&#8221; header_line_height=&#8221;1.2em&#8221; body_font=&#8221;||||||||&#8221; body_font_size=&#8221;16px&#8221; body_line_height=&#8221;1.8em&#8221; background_color=&#8221;#1c3f39&#8243; custom_button=&#8221;on&#8221; button_text_size=&#8221;14px&#8221; button_text_color=&#8221;#0d9498&#8243; button_bg_color=&#8221;#ffffff&#8221; button_border_color=&#8221;rgba(0,0,0,0)&#8221; button_border_radius=&#8221;100px&#8221; button_letter_spacing=&#8221;2px&#8221; button_font=&#8221;Raleway|700||on|||||&#8221; button_icon=&#8221;&#x24;||divi||400&#8243; button_custom_margin=&#8221;10px||14px&#8221; button_custom_padding=&#8221;14px|40px|14px|40px|true|true&#8221; z_index=&#8221;6&#8243; custom_margin=&#8221;-25%||-80px&#8221; custom_padding=&#8221;60px|60px|60px|60px|true|true&#8221; custom_padding_tablet=&#8221;&#8221; custom_padding_phone=&#8221;30px|30px|30px|30px|true|true&#8221; custom_padding_last_edited=&#8221;on|phone&#8221; hover_enabled=&#8221;0&#8243; header_font_size_tablet=&#8221;36px&#8221; header_font_size_phone=&#8221;26px&#8221; header_font_size_last_edited=&#8221;on|tablet&#8221; body_font_size_tablet=&#8221;&#8221; body_font_size_phone=&#8221;14px&#8221; body_font_size_last_edited=&#8221;on|desktop&#8221; box_shadow_style=&#8221;preset1&#8243; box_shadow_vertical=&#8221;24px&#8221; box_shadow_blur=&#8221;100px&#8221; box_shadow_spread=&#8221;-30px&#8221; box_shadow_color=&#8221;rgba(0,0,0,0.24)&#8221; global_colors_info=&#8221;{}&#8221; sticky_enabled=&#8221;0&#8243;]<\/p>\n<p>Entendemos que cada visi\u00f3n y proyecto es diferente, es por ello que se trabaja de forma totalmente personalizada, entendiendo inicialmente los intereses y objetivos, para as\u00ed lograr desarrollar estrategias adaptadas a las necesidades de tu proyecto.<\/p>\n<p>[\/et_pb_cta][\/et_pb_column][et_pb_column type=&#8221;1_2&#8243; _builder_version=&#8221;4.16&#8243; _module_preset=&#8221;default&#8221; custom_padding=&#8221;|||&#8221; global_colors_info=&#8221;{}&#8221; custom_padding__hover=&#8221;|||&#8221;][\/et_pb_column][\/et_pb_row][\/et_pb_section][et_pb_section fb_built=&#8221;1&#8243; admin_label=&#8221;Services&#8221; _builder_version=&#8221;4.16&#8243; _module_preset=&#8221;default&#8221; custom_padding=&#8221;130px|||||&#8221; global_colors_info=&#8221;{}&#8221;][et_pb_row _builder_version=&#8221;4.16&#8243; _module_preset=&#8221;default&#8221; max_width=&#8221;700px&#8221; module_alignment=&#8221;center&#8221; locked=&#8221;off&#8221; global_colors_info=&#8221;{}&#8221;][et_pb_column type=&#8221;4_4&#8243; _builder_version=&#8221;4.16&#8243; _module_preset=&#8221;default&#8221; custom_padding=&#8221;|||&#8221; global_colors_info=&#8221;{}&#8221; custom_padding__hover=&#8221;|||&#8221;][et_pb_text _builder_version=&#8221;4.17.1&#8243; _module_preset=&#8221;default&#8221; text_font=&#8221;||||||||&#8221; text_font_size=&#8221;16px&#8221; text_line_height=&#8221;1.8em&#8221; header_font=&#8221;||||||||&#8221; header_2_font=&#8221;|600|||||||&#8221; header_2_font_size=&#8221;42px&#8221; header_2_line_height=&#8221;1.2em&#8221; text_orientation=&#8221;center&#8221; max_width=&#8221;700px&#8221; module_alignment=&#8221;center&#8221; text_font_size_tablet=&#8221;&#8221; text_font_size_phone=&#8221;14px&#8221; text_font_size_last_edited=&#8221;on|desktop&#8221; header_2_font_size_tablet=&#8221;32px&#8221; header_2_font_size_phone=&#8221;26px&#8221; header_2_font_size_last_edited=&#8221;on|phone&#8221; text_text_align=&#8221;center&#8221; locked=&#8221;off&#8221; global_colors_info=&#8221;{}&#8221;]<\/p>\n<h2>Nuestros Servicios<\/h2>\n<p>En Synchro, valoramos la colaboraci\u00f3n y la transparencia en todas nuestras relaciones laborales. Trabajamos contigo en cada paso del camino, desde la fase inicial de planificaci\u00f3n y estrategia hasta la entrega final del proyecto, para garantizar que todas las necesidades de tu proyecto sean atendidas y que su visi\u00f3n inmobiliaria se convierta en una posible realidad.<\/p>\n<p>[\/et_pb_text][\/et_pb_column][\/et_pb_row][et_pb_row column_structure=&#8221;1_2,1_2&#8243; _builder_version=&#8221;4.17.1&#8243; _module_preset=&#8221;default&#8221; global_colors_info=&#8221;{}&#8221;][et_pb_column type=&#8221;1_2&#8243; _builder_version=&#8221;4.16&#8243; _module_preset=&#8221;default&#8221; custom_padding=&#8221;|||&#8221; global_colors_info=&#8221;{}&#8221; custom_padding__hover=&#8221;|||&#8221;][et_pb_blurb title=&#8221;Administraci\u00f3n de proyectos inmobiliarios. Representaci\u00f3n, acompa\u00f1amiento y adquisici\u00f3n de activos&#8221; image=&#8221;https:\/\/synchroproyectos.com\/wp-content\/uploads\/2023\/04\/Synchro-Iconos1-1.png&#8221; image_icon_width=&#8221;50%&#8221; _builder_version=&#8221;4.17.1&#8243; _module_preset=&#8221;default&#8221; header_font=&#8221;|600|||||||&#8221; header_line_height=&#8221;1.8em&#8221; body_font=&#8221;||||||||&#8221; body_font_size=&#8221;16px&#8221; body_line_height=&#8221;1.8em&#8221; text_orientation=&#8221;center&#8221; body_font_size_tablet=&#8221;&#8221; body_font_size_phone=&#8221;14px&#8221; body_font_size_last_edited=&#8221;on|desktop&#8221; global_colors_info=&#8221;{}&#8221;]<\/p>\n<p>Ofrecemos servicios de administraci\u00f3n de proyectos inmobiliarios en Panam\u00e1, planificando, organizando, dirigiendo y controlando los recursos involucrados en la ejecuci\u00f3n de un proyecto, desde su concepci\u00f3n hasta su entrega final, garantizando eficiencia dentro del presupuesto y plazos establecidos, cumpliendo con los est\u00e1ndares de calidad y seguridad requeridos. Pueden requerir este servicio inversionistas, desarrolladores de proyectos, propietarios de propiedades inmobiliarias, instituciones financieras y empresas constructoras. Te ofrecemos dentro del servicio: estudios de mercado, negociaciones, gesti\u00f3n financiera y t\u00e9cnica, y gesti\u00f3n contable de los activos inmobiliarios adquiridos.<\/p>\n<p><a href=\"https:\/\/synchroproyectos.com\/administracion-de-proyectos-inmobiliarios\/\"><span style=\"text-decoration: underline;\">Ver M\u00e1s<\/span><\/a><\/p>\n<p>[\/et_pb_blurb][\/et_pb_column][et_pb_column type=&#8221;1_2&#8243; _builder_version=&#8221;4.16&#8243; _module_preset=&#8221;default&#8221; custom_padding=&#8221;|||&#8221; global_colors_info=&#8221;{}&#8221; custom_padding__hover=&#8221;|||&#8221;][et_pb_blurb title=&#8221;Administraci\u00f3n financiera, t\u00e9cnica y operativa de activos inmobiliarios&#8221; image=&#8221;https:\/\/synchroproyectos.com\/wp-content\/uploads\/2023\/04\/Synchro-Iconos3-1.png&#8221; image_icon_width=&#8221;50%&#8221; _builder_version=&#8221;4.17.1&#8243; _module_preset=&#8221;default&#8221; header_font=&#8221;|600|||||||&#8221; header_line_height=&#8221;1.8em&#8221; body_font=&#8221;||||||||&#8221; body_font_size=&#8221;16px&#8221; body_line_height=&#8221;1.8em&#8221; text_orientation=&#8221;center&#8221; body_font_size_tablet=&#8221;&#8221; body_font_size_phone=&#8221;14px&#8221; body_font_size_last_edited=&#8221;on|desktop&#8221; locked=&#8221;off&#8221; global_colors_info=&#8221;{}&#8221;]<\/p>\n<p>Ofrecemos servicios de administraci\u00f3n financiera, t\u00e9cnica y operativa para proyectos inmobiliarios en Panam\u00e1. Nuestro desarrollo incluye an\u00e1lisis, planificaci\u00f3n, gesti\u00f3n de flujo y riesgos, proceso de inversi\u00f3n y ayuda a empresas inmobiliarias que buscan mejorar su gesti\u00f3n financiera. Trabaja con Synchro , te garantizamos mejoras en la toma de decisiones, ahorro de tiempo y recursos, mayor eficiencia, maximizaci\u00f3n de rentabilidad y reducci\u00f3n de riesgos.<\/p>\n<p><a href=\"https:\/\/synchroproyectos.com\/administracion-financiera\/\"><span style=\"text-decoration: underline;\">Ver M\u00e1s<\/span><\/a><\/p>\n<p>[\/et_pb_blurb][\/et_pb_column][\/et_pb_row][et_pb_row column_structure=&#8221;1_2,1_2&#8243; _builder_version=&#8221;4.17.1&#8243; _module_preset=&#8221;default&#8221; global_colors_info=&#8221;{}&#8221;][et_pb_column type=&#8221;1_2&#8243; _builder_version=&#8221;4.16&#8243; _module_preset=&#8221;default&#8221; custom_padding=&#8221;|||&#8221; global_colors_info=&#8221;{}&#8221; custom_padding__hover=&#8221;|||&#8221;][et_pb_blurb title=&#8221;Desarrollo y dise\u00f1o de productos inmobiliarios&#8221; image=&#8221;https:\/\/synchroproyectos.com\/wp-content\/uploads\/2023\/04\/Synchro-Iconos4-1.png&#8221; image_icon_width=&#8221;50%&#8221; _builder_version=&#8221;4.17.1&#8243; _module_preset=&#8221;default&#8221; header_font=&#8221;|600|||||||&#8221; header_line_height=&#8221;1.8em&#8221; body_font=&#8221;||||||||&#8221; body_font_size=&#8221;16px&#8221; body_line_height=&#8221;1.8em&#8221; text_orientation=&#8221;center&#8221; body_font_size_tablet=&#8221;&#8221; body_font_size_phone=&#8221;14px&#8221; body_font_size_last_edited=&#8221;on|desktop&#8221; global_colors_info=&#8221;{}&#8221;]<\/p>\n<p>Ofrecemos servicios de planificaci\u00f3n, dise\u00f1o y construcci\u00f3n de productos inmobiliarios en Panam\u00e1. Nuestro desarrollo estrat\u00e9gico ayuda a garantizar que se alcancen los objetivos comerciales y financieros. Tambi\u00e9n ofrecemos gesti\u00f3n de proyectos, administraci\u00f3n de equipos multidisciplinarios y asesor\u00eda en certificaciones LEED y WELL.<\/p>\n<p><a href=\"https:\/\/synchroproyectos.com\/diseno-de-productos-inmobiliarios\/\"><span style=\"text-decoration: underline;\">Ver M\u00e1s<\/span><\/a><\/p>\n<p>[\/et_pb_blurb][\/et_pb_column][et_pb_column type=&#8221;1_2&#8243; _builder_version=&#8221;4.16&#8243; _module_preset=&#8221;default&#8221; custom_padding=&#8221;|||&#8221; global_colors_info=&#8221;{}&#8221; custom_padding__hover=&#8221;|||&#8221;][et_pb_blurb title=&#8221;Construcci\u00f3n, administraci\u00f3n de proyectos e inspecci\u00f3n de obras&#8221; image=&#8221;https:\/\/synchroproyectos.com\/wp-content\/uploads\/2023\/04\/Synchro-Iconos2-1.png&#8221; image_icon_width=&#8221;50%&#8221; _builder_version=&#8221;4.17.1&#8243; _module_preset=&#8221;default&#8221; header_font=&#8221;|600|||||||&#8221; header_line_height=&#8221;1.8em&#8221; body_font=&#8221;||||||||&#8221; body_font_size=&#8221;16px&#8221; body_line_height=&#8221;1.8em&#8221; text_orientation=&#8221;center&#8221; body_font_size_tablet=&#8221;&#8221; body_font_size_phone=&#8221;14px&#8221; body_font_size_last_edited=&#8221;on|desktop&#8221; locked=&#8221;off&#8221; global_colors_info=&#8221;{}&#8221;]<\/p>\n<p>Somos especialistas en la construcci\u00f3n de proyectos inmobiliarios en Panam\u00e1. Ofrecemos servicios que abarcan desde la investigaci\u00f3n del mercado, adquisici\u00f3n de terrenos, dise\u00f1o arquitect\u00f3nico, obtenci\u00f3n de permisos, contrataci\u00f3n de proveedores, hasta la inspecci\u00f3n de obra. Nuestro bjetivo es asegurar el \u00e9xito de tu proyecto, minimizando errores y retrasos, y garantizando la calidad y seguridad en todas las etapas de la construcci\u00f3n.<\/p>\n<p><a href=\"https:\/\/synchroproyectos.com\/construccion-e-inspeccion-de-obras\/\"><span style=\"text-decoration: underline;\">Ver M\u00e1s<\/span><\/a><\/p>\n<p>[\/et_pb_blurb][\/et_pb_column][\/et_pb_row][\/et_pb_section][et_pb_section fb_built=&#8221;1&#8243; admin_label=&#8221;Feature&#8221; _builder_version=&#8221;4.17.1&#8243; _module_preset=&#8221;default&#8221; use_background_color_gradient=&#8221;on&#8221; background_color_gradient_stops=&#8221;#ffffff 33%|rgba(255,255,255,0) 100%&#8221; background_color_gradient_overlays_image=&#8221;on&#8221; background_color_gradient_start=&#8221;#ffffff&#8221; background_color_gradient_end=&#8221;rgba(255,255,255,0)&#8221; background_image=&#8221;https:\/\/synchroproyectos.com\/wp-content\/uploads\/2023\/04\/Servicios-Synchro2.jpg&#8221; custom_padding=&#8221;||16vw|||&#8221; global_colors_info=&#8221;{}&#8221;][et_pb_row column_structure=&#8221;1_2,1_2&#8243; _builder_version=&#8221;4.16&#8243; _module_preset=&#8221;default&#8221; global_colors_info=&#8221;{}&#8221;][et_pb_column type=&#8221;1_2&#8243; _builder_version=&#8221;4.16&#8243; _module_preset=&#8221;default&#8221; custom_padding=&#8221;|||&#8221; global_colors_info=&#8221;{}&#8221; custom_padding__hover=&#8221;|||&#8221;][et_pb_text _builder_version=&#8221;4.17.1&#8243; _module_preset=&#8221;default&#8221; text_font=&#8221;||||||||&#8221; text_text_color=&#8221;#2a2a2a&#8221; text_font_size=&#8221;100px&#8221; text_line_height=&#8221;1.2em&#8221; header_font=&#8221;||||||||&#8221; header_line_height=&#8221;1.8em&#8221; header_3_font=&#8221;||||||||&#8221; header_3_font_size=&#8221;18px&#8221; header_3_line_height=&#8221;1.8em&#8221; header_4_font=&#8221;||||||||&#8221; text_orientation=&#8221;center&#8221; custom_padding=&#8221;80px||80px||true|&#8221; hover_enabled=&#8221;0&#8243; box_shadow_style=&#8221;preset1&#8243; box_shadow_vertical=&#8221;24px&#8221; box_shadow_blur=&#8221;100px&#8221; box_shadow_spread=&#8221;-30px&#8221; box_shadow_color=&#8221;rgba(0,0,0,0.24)&#8221; text_text_align=&#8221;center&#8221; locked=&#8221;off&#8221; global_colors_info=&#8221;{}&#8221; sticky_enabled=&#8221;0&#8243;]<\/p>\n<p>+25 a\u00f1os<\/p>\n<h3>Desarrollando <strong>Proyectos Inmobiliarios<\/strong><\/h3>\n<p>[\/et_pb_text][\/et_pb_column][et_pb_column type=&#8221;1_2&#8243; _builder_version=&#8221;4.16&#8243; _module_preset=&#8221;default&#8221; custom_padding=&#8221;40px|||&#8221; global_colors_info=&#8221;{}&#8221; custom_padding__hover=&#8221;|||&#8221;][et_pb_text _builder_version=&#8221;4.17.1&#8243; _module_preset=&#8221;default&#8221; text_font=&#8221;||||||||&#8221; text_font_size=&#8221;16px&#8221; text_line_height=&#8221;1.8em&#8221; header_font=&#8221;||||||||&#8221; header_2_font=&#8221;||||||||&#8221; header_2_font_size=&#8221;42px&#8221; header_2_line_height=&#8221;1.2em&#8221; max_width=&#8221;600px&#8221; module_alignment=&#8221;center&#8221; text_font_size_tablet=&#8221;&#8221; text_font_size_phone=&#8221;14px&#8221; text_font_size_last_edited=&#8221;on|desktop&#8221; header_2_font_size_tablet=&#8221;32px&#8221; header_2_font_size_phone=&#8221;26px&#8221; header_2_font_size_last_edited=&#8221;on|phone&#8221; text_text_align=&#8221;left&#8221; locked=&#8221;off&#8221; global_colors_info=&#8221;{}&#8221;]<\/p>\n<h2>Los mejores <strong>asesores y desarrolladores inmobiliaria<\/strong><\/h2>\n<p>Bienvenido a <strong>SYNCHRO PROJECTS AND SOLUTIONS<\/strong><\/p>\n<p>[\/et_pb_text][\/et_pb_column][\/et_pb_row][\/et_pb_section]<\/p>\n","protected":false},"excerpt":{"rendered":"<p>Servicios &amp; Soluciones Gracias a nuestra ampl\u00eda experiencia y s\u00f3lidos conocimientos en el mercado inmobiliario es que podemos ofrecer una variedad de servicios integrales dentro del mercado y eso es uno de los principales factores que nos distinguen de la competencia.Entendemos que cada visi\u00f3n y proyecto es diferente, es por ello que se trabaja de [&hellip;]<\/p>\n","protected":false},"author":1,"featured_media":0,"parent":0,"menu_order":0,"comment_status":"closed","ping_status":"closed","template":"","meta":{"nf_dc_page":"","_et_pb_use_builder":"on","_et_pb_old_content":"<!-- wp:divi\/placeholder \/-->","_et_gb_content_width":"","om_disable_all_campaigns":false,"footnotes":""},"class_list":["post-12","page","type-page","status-publish","hentry"],"yoast_head":"<!-- This site is optimized with the Yoast SEO plugin v27.5 - https:\/\/yoast.com\/product\/yoast-seo-wordpress\/ -->\n<title>Servicios - Synchro Proyectos<\/title>\n<meta name=\"robots\" content=\"index, follow, max-snippet:-1, max-image-preview:large, max-video-preview:-1\" \/>\n<link rel=\"canonical\" href=\"https:\/\/synchroproyectos.com\/en\/servicios\/\" \/>\n<meta property=\"og:locale\" content=\"en_US\" \/>\n<meta property=\"og:type\" content=\"article\" \/>\n<meta property=\"og:title\" content=\"Servicios - Synchro Proyectos\" \/>\n<meta property=\"og:description\" content=\"Servicios &amp; Soluciones Gracias a nuestra ampl\u00eda experiencia y s\u00f3lidos conocimientos en el mercado inmobiliario es que podemos ofrecer una variedad de servicios integrales dentro del mercado y eso es uno de los principales factores que nos distinguen de la competencia.Entendemos que cada visi\u00f3n y proyecto es diferente, es por ello que se trabaja de [&hellip;]\" \/>\n<meta property=\"og:url\" content=\"https:\/\/synchroproyectos.com\/en\/servicios\/\" \/>\n<meta property=\"og:site_name\" content=\"Synchro Proyectos\" \/>\n<meta property=\"article:modified_time\" content=\"2023-05-19T15:41:55+00:00\" \/>\n<meta name=\"twitter:card\" content=\"summary_large_image\" \/>\n<script type=\"application\/ld+json\" class=\"yoast-schema-graph\">{\"@context\":\"https:\\\/\\\/schema.org\",\"@graph\":[{\"@type\":\"WebPage\",\"@id\":\"https:\\\/\\\/synchroproyectos.com\\\/servicios\\\/\",\"url\":\"https:\\\/\\\/synchroproyectos.com\\\/servicios\\\/\",\"name\":\"Servicios - Synchro Proyectos\",\"isPartOf\":{\"@id\":\"https:\\\/\\\/synchroproyectos.com\\\/#website\"},\"datePublished\":\"2023-04-24T21:49:44+00:00\",\"dateModified\":\"2023-05-19T15:41:55+00:00\",\"breadcrumb\":{\"@id\":\"https:\\\/\\\/synchroproyectos.com\\\/servicios\\\/#breadcrumb\"},\"inLanguage\":\"en-US\",\"potentialAction\":[{\"@type\":\"ReadAction\",\"target\":[\"https:\\\/\\\/synchroproyectos.com\\\/servicios\\\/\"]}]},{\"@type\":\"BreadcrumbList\",\"@id\":\"https:\\\/\\\/synchroproyectos.com\\\/servicios\\\/#breadcrumb\",\"itemListElement\":[{\"@type\":\"ListItem\",\"position\":1,\"name\":\"Home\",\"item\":\"https:\\\/\\\/synchroproyectos.com\\\/\"},{\"@type\":\"ListItem\",\"position\":2,\"name\":\"Servicios\"}]},{\"@type\":\"WebSite\",\"@id\":\"https:\\\/\\\/synchroproyectos.com\\\/#website\",\"url\":\"https:\\\/\\\/synchroproyectos.com\\\/\",\"name\":\"Synchro Proyectos\",\"description\":\"Somos una empresa que ofrece servicios de administraci\u00f3n de proyectos para crear y sincronizar los desarrollos a las expectativas financieras, sostenibles y de bienestar humano.og\",\"potentialAction\":[{\"@type\":\"SearchAction\",\"target\":{\"@type\":\"EntryPoint\",\"urlTemplate\":\"https:\\\/\\\/synchroproyectos.com\\\/?s={search_term_string}\"},\"query-input\":{\"@type\":\"PropertyValueSpecification\",\"valueRequired\":true,\"valueName\":\"search_term_string\"}}],\"inLanguage\":\"en-US\"}]}<\/script>\n<!-- \/ Yoast SEO plugin. -->","yoast_head_json":{"title":"Servicios - Synchro Proyectos","robots":{"index":"index","follow":"follow","max-snippet":"max-snippet:-1","max-image-preview":"max-image-preview:large","max-video-preview":"max-video-preview:-1"},"canonical":"https:\/\/synchroproyectos.com\/en\/servicios\/","og_locale":"en_US","og_type":"article","og_title":"Servicios - Synchro Proyectos","og_description":"Servicios &amp; Soluciones Gracias a nuestra ampl\u00eda experiencia y s\u00f3lidos conocimientos en el mercado inmobiliario es que podemos ofrecer una variedad de servicios integrales dentro del mercado y eso es uno de los principales factores que nos distinguen de la competencia.Entendemos que cada visi\u00f3n y proyecto es diferente, es por ello que se trabaja de [&hellip;]","og_url":"https:\/\/synchroproyectos.com\/en\/servicios\/","og_site_name":"Synchro Proyectos","article_modified_time":"2023-05-19T15:41:55+00:00","twitter_card":"summary_large_image","schema":{"@context":"https:\/\/schema.org","@graph":[{"@type":"WebPage","@id":"https:\/\/synchroproyectos.com\/servicios\/","url":"https:\/\/synchroproyectos.com\/servicios\/","name":"Servicios - Synchro Proyectos","isPartOf":{"@id":"https:\/\/synchroproyectos.com\/#website"},"datePublished":"2023-04-24T21:49:44+00:00","dateModified":"2023-05-19T15:41:55+00:00","breadcrumb":{"@id":"https:\/\/synchroproyectos.com\/servicios\/#breadcrumb"},"inLanguage":"en-US","potentialAction":[{"@type":"ReadAction","target":["https:\/\/synchroproyectos.com\/servicios\/"]}]},{"@type":"BreadcrumbList","@id":"https:\/\/synchroproyectos.com\/servicios\/#breadcrumb","itemListElement":[{"@type":"ListItem","position":1,"name":"Home","item":"https:\/\/synchroproyectos.com\/"},{"@type":"ListItem","position":2,"name":"Servicios"}]},{"@type":"WebSite","@id":"https:\/\/synchroproyectos.com\/#website","url":"https:\/\/synchroproyectos.com\/","name":"Synchro Proyectos","description":"Somos una empresa que ofrece servicios de administraci\u00f3n de proyectos para crear y sincronizar los desarrollos a las expectativas financieras, sostenibles y de bienestar humano.og","potentialAction":[{"@type":"SearchAction","target":{"@type":"EntryPoint","urlTemplate":"https:\/\/synchroproyectos.com\/?s={search_term_string}"},"query-input":{"@type":"PropertyValueSpecification","valueRequired":true,"valueName":"search_term_string"}}],"inLanguage":"en-US"}]}},"jetpack_sharing_enabled":true,"_links":{"self":[{"href":"https:\/\/synchroproyectos.com\/en\/wp-json\/wp\/v2\/pages\/12","targetHints":{"allow":["GET"]}}],"collection":[{"href":"https:\/\/synchroproyectos.com\/en\/wp-json\/wp\/v2\/pages"}],"about":[{"href":"https:\/\/synchroproyectos.com\/en\/wp-json\/wp\/v2\/types\/page"}],"author":[{"embeddable":true,"href":"https:\/\/synchroproyectos.com\/en\/wp-json\/wp\/v2\/users\/1"}],"replies":[{"embeddable":true,"href":"https:\/\/synchroproyectos.com\/en\/wp-json\/wp\/v2\/comments?post=12"}],"version-history":[{"count":5,"href":"https:\/\/synchroproyectos.com\/en\/wp-json\/wp\/v2\/pages\/12\/revisions"}],"predecessor-version":[{"id":475,"href":"https:\/\/synchroproyectos.com\/en\/wp-json\/wp\/v2\/pages\/12\/revisions\/475"}],"wp:attachment":[{"href":"https:\/\/synchroproyectos.com\/en\/wp-json\/wp\/v2\/media?parent=12"}],"curies":[{"name":"wp","href":"https:\/\/api.w.org\/{rel}","templated":true}]}}