{"id":220,"date":"2023-04-28T21:37:52","date_gmt":"2023-04-28T21:37:52","guid":{"rendered":"https:\/\/synchroproyectos.com\/?page_id=220"},"modified":"2023-05-19T16:38:32","modified_gmt":"2023-05-19T16:38:32","slug":"proyectos","status":"publish","type":"page","link":"https:\/\/synchroproyectos.com\/en\/proyectos\/","title":{"rendered":"Projects"},"content":{"rendered":"<p>[et_pb_section fb_built=&#8221;1&#8243; admin_label=&#8221;Header&#8221; _builder_version=&#8221;4.17.1&#8243; _module_preset=&#8221;default&#8221; background_color=&#8221;#f7f7f7&#8243; use_background_color_gradient=&#8221;on&#8221; background_color_gradient_direction=&#8221;90deg&#8221; background_color_gradient_stops=&#8221;#f7f7f7 56%|#ffffff 56%&#8221; background_color_gradient_start=&#8221;#f7f7f7&#8243; background_color_gradient_start_position=&#8221;56%&#8221; background_color_gradient_end=&#8221;#ffffff&#8221; background_color_gradient_end_position=&#8221;0%&#8221; background_enable_image=&#8221;off&#8221; background_size=&#8221;initial&#8221; background_position=&#8221;top_center&#8221; custom_margin=&#8221;|||||&#8221; custom_padding=&#8221;|||||&#8221; background_last_edited=&#8221;on|tablet&#8221; use_background_color_gradient_tablet=&#8221;on&#8221; background_color_gradient_stops_tablet=&#8221;#f7f7f7 100%|#ffffff 100%&#8221; background_color_gradient_start_position_tablet=&#8221;100%&#8221; locked=&#8221;off&#8221; global_colors_info=&#8221;{}&#8221;][et_pb_row column_structure=&#8221;1_2,1_2&#8243; custom_padding_last_edited=&#8221;on|phone&#8221; padding_left_right_link_1=&#8221;false&#8221; _builder_version=&#8221;4.17.1&#8243; _module_preset=&#8221;default&#8221; background_image=&#8221;https:\/\/synchroproyectos.com\/wp-content\/uploads\/2023\/04\/green-energy-20.png&#8221; background_size=&#8221;initial&#8221; background_position=&#8221;top_left&#8221; max_width=&#8221;1120px&#8221; custom_margin=&#8221;||&#8221; custom_padding=&#8221;|||20px&#8221; custom_padding_tablet=&#8221;&#8221; custom_padding_phone=&#8221;|||0px&#8221; global_colors_info=&#8221;{}&#8221;][et_pb_column type=&#8221;1_2&#8243; _builder_version=&#8221;4.16&#8243; _module_preset=&#8221;default&#8221; background_repeat=&#8221;repeat&#8221; custom_padding=&#8221;|||&#8221; global_colors_info=&#8221;{}&#8221; custom_padding__hover=&#8221;|||&#8221;][et_pb_text _builder_version=&#8221;4.17.1&#8243; _module_preset=&#8221;default&#8221; text_font=&#8221;||||||||&#8221; text_font_size=&#8221;20px&#8221; text_line_height=&#8221;1.8em&#8221; header_font=&#8221;|600|||||||&#8221; header_font_size=&#8221;60px&#8221; header_line_height=&#8221;1.1em&#8221; custom_margin=&#8221;||60px&#8221; text_font_size_tablet=&#8221;&#8221; text_font_size_phone=&#8221;14px&#8221; text_font_size_last_edited=&#8221;on|desktop&#8221; header_font_size_tablet=&#8221;50px&#8221; header_font_size_phone=&#8221;30px&#8221; header_font_size_last_edited=&#8221;on|phone&#8221; global_colors_info=&#8221;{}&#8221;]<\/p>\n<h1 style=\"color: #0d9498;\">Nuestros<\/h1>\n<h1>Proyectos<\/h1>\n<p>[\/et_pb_text][et_pb_cta button_url=&#8221;https:\/\/synchroproyectos.com\/contacto\/&#8221; button_text=&#8221;Cont\u00e1ctanos&#8221; _builder_version=&#8221;4.17.1&#8243; _module_preset=&#8221;default&#8221; header_font=&#8221;Bitter||||||||&#8221; header_font_size=&#8221;42px&#8221; header_line_height=&#8221;1.2em&#8221; body_font=&#8221;||||||||&#8221; body_font_size=&#8221;18px&#8221; body_line_height=&#8221;1.8em&#8221; background_color=&#8221;#1c3f39&#8243; custom_button=&#8221;on&#8221; button_text_size=&#8221;14px&#8221; button_text_color=&#8221;#1c3f39&#8243; button_bg_color=&#8221;#ffffff&#8221; button_border_color=&#8221;rgba(0,0,0,0)&#8221; button_border_radius=&#8221;100px&#8221; button_letter_spacing=&#8221;2px&#8221; button_font=&#8221;Raleway|700||on|||||&#8221; button_icon=&#8221;&#x24;||divi||400&#8243; button_custom_margin=&#8221;10px||14px&#8221; button_custom_padding=&#8221;14px|40px|14px|40px|true|true&#8221; z_index=&#8221;6&#8243; text_orientation=&#8221;left&#8221; custom_margin=&#8221;||&#8221; custom_padding=&#8221;60px|60px|60px|60px|true|true&#8221; custom_padding_tablet=&#8221;&#8221; custom_padding_phone=&#8221;30px|30px|30px|30px|true|true&#8221; custom_padding_last_edited=&#8221;on|phone&#8221; header_font_size_tablet=&#8221;36px&#8221; header_font_size_phone=&#8221;26px&#8221; header_font_size_last_edited=&#8221;on|tablet&#8221; body_font_size_tablet=&#8221;&#8221; body_font_size_phone=&#8221;14px&#8221; body_font_size_last_edited=&#8221;on|desktop&#8221; box_shadow_style=&#8221;preset1&#8243; box_shadow_vertical=&#8221;24px&#8221; box_shadow_blur=&#8221;100px&#8221; box_shadow_spread=&#8221;-30px&#8221; box_shadow_color=&#8221;rgba(0,0,0,0.24)&#8221; locked=&#8221;off&#8221; global_colors_info=&#8221;{}&#8221;]<\/p>\n<p><span style=\"font-weight: 400;\">Synchro es una empresa que ha estado en la industria inmobiliaria durante los \u00faltimos 14 a\u00f1os. Desde nuestra fundaci\u00f3n, nos hemos dedicado a ofrecer servicios estrat\u00e9gicos de alto impacto que generan valor a los activos inmobiliarios.<\/span><\/p>\n<p><span style=\"font-weight: 400;\">Para nosotros, cada proyecto es una oportunidad \u00fanica de crear algo especial y trascendental. Nos apasiona ayudar a nuestros clientes en la administraci\u00f3n de proyectos inmobiliarios, a dar vida a sus visiones y aportar valor a la comunidad en la que se desarrollan. Nuestra misi\u00f3n es ser una empresa l\u00edder en la industria inmobiliaria, reconocida por nuestra calidad, innovaci\u00f3n y compromiso con nuestros clientes. Estamos comprometidos con la \u00e9tica, la excelencia, la integridad y el trabajo en equipo.<\/span><\/p>\n<p>[\/et_pb_cta][\/et_pb_column][et_pb_column type=&#8221;1_2&#8243; _builder_version=&#8221;4.16&#8243; _module_preset=&#8221;default&#8221; custom_padding=&#8221;|||&#8221; global_colors_info=&#8221;{}&#8221; custom_padding__hover=&#8221;|||&#8221;][et_pb_image src=&#8221;https:\/\/synchroproyectos.com\/wp-content\/uploads\/2023\/04\/Sin-tceitulo-1.jpg&#8221; title_text=&#8221;Sin-tce\u00edtulo-1&#8243; _builder_version=&#8221;4.17.1&#8243; _module_preset=&#8221;default&#8221; background_enable_image=&#8221;off&#8221; custom_margin=&#8221;-100px|-12vw||&#8221; custom_margin_tablet=&#8221;0px||&#8221; custom_margin_phone=&#8221;&#8221; custom_margin_last_edited=&#8221;on|desktop&#8221; custom_padding=&#8221;||||false|false&#8221; custom_padding_tablet=&#8221;&#8221; custom_padding_phone=&#8221;||0px||false|false&#8221; custom_padding_last_edited=&#8221;on|desktop&#8221; hover_enabled=&#8221;0&#8243; global_colors_info=&#8221;{}&#8221; sticky_enabled=&#8221;0&#8243;][\/et_pb_image][\/et_pb_column][\/et_pb_row][\/et_pb_section][et_pb_section fb_built=&#8221;1&#8243; _builder_version=&#8221;4.17.1&#8243; _module_preset=&#8221;default&#8221; global_colors_info=&#8221;{}&#8221;][et_pb_row column_structure=&#8221;1_3,1_3,1_3&#8243; _builder_version=&#8221;4.17.1&#8243; _module_preset=&#8221;default&#8221; global_colors_info=&#8221;{}&#8221;][et_pb_column type=&#8221;1_3&#8243; _builder_version=&#8221;4.17.1&#8243; _module_preset=&#8221;default&#8221; global_colors_info=&#8221;{}&#8221;][et_pb_image src=&#8221;https:\/\/synchroproyectos.com\/wp-content\/uploads\/2023\/04\/Synchro-Clientes.png&#8221; title_text=&#8221;Synchro-Clientes&#8221; align=&#8221;center&#8221; _builder_version=&#8221;4.17.1&#8243; _module_preset=&#8221;default&#8221; width=&#8221;50%&#8221; module_alignment=&#8221;center&#8221; height_tablet=&#8221;&#8221; height_phone=&#8221;&#8221; height_last_edited=&#8221;on|phone&#8221; border_radii=&#8221;on|100%|100%|100%|100%&#8221; box_shadow_style=&#8221;preset2&#8243; global_colors_info=&#8221;{}&#8221;][\/et_pb_image][et_pb_text _builder_version=&#8221;4.17.1&#8243; _module_preset=&#8221;default&#8221; global_colors_info=&#8221;{}&#8221;]<\/p>\n<h3 style=\"text-align: center;\"><span style=\"font-weight: 400;\">Green City Ecomunity<\/span><\/h3>\n<ul>\n<li style=\"text-align: left;\">Servicios de desarrollo y planificaci\u00f3n.<\/li>\n<li style=\"text-align: left;\">Muestra servicios de desarrollo de producto.<\/li>\n<li style=\"text-align: left;\">Implementaci\u00f3n de gesti\u00f3n colaborativa con consultores internacionales.<\/li>\n<li style=\"text-align: left;\">Servicios de administraci\u00f3n de proyectos y precesos.<\/li>\n<\/ul>\n<p>[\/et_pb_text][\/et_pb_column][et_pb_column type=&#8221;1_3&#8243; _builder_version=&#8221;4.17.1&#8243; _module_preset=&#8221;default&#8221; global_colors_info=&#8221;{}&#8221;][et_pb_image src=&#8221;https:\/\/synchroproyectos.com\/wp-content\/uploads\/2023\/05\/Synchro-Proyectos1.png&#8221; title_text=&#8221;Synchro-Proyectos1&#8243; align=&#8221;center&#8221; _builder_version=&#8221;4.17.1&#8243; _module_preset=&#8221;default&#8221; width=&#8221;50%&#8221; module_alignment=&#8221;center&#8221; height_tablet=&#8221;&#8221; height_phone=&#8221;&#8221; height_last_edited=&#8221;on|phone&#8221; border_radii=&#8221;on|100%|100%|100%|100%&#8221; box_shadow_style=&#8221;preset2&#8243; global_colors_info=&#8221;{}&#8221;][\/et_pb_image][et_pb_text _builder_version=&#8221;4.17.1&#8243; _module_preset=&#8221;default&#8221; global_colors_info=&#8221;{}&#8221;]<\/p>\n<h3 style=\"text-align: center;\"><span style=\"font-weight: 400;\">Pacific Hills<\/span><\/h3>\n<ul>\n<li style=\"text-align: left;\">Servicios de desarrollo y planificaci\u00f3n.<\/li>\n<li style=\"text-align: left;\">Muestra servicios de desarrollo de producto.<\/li>\n<li style=\"text-align: left;\">Implementaci\u00f3n de gesti\u00f3n colaborativa con consultores internacionales.<\/li>\n<li style=\"text-align: left;\">Servicios de administraci\u00f3n de proyectos y precesos.<\/li>\n<\/ul>\n<p>[\/et_pb_text][\/et_pb_column][et_pb_column type=&#8221;1_3&#8243; _builder_version=&#8221;4.17.1&#8243; _module_preset=&#8221;default&#8221; global_colors_info=&#8221;{}&#8221;][et_pb_image src=&#8221;https:\/\/synchroproyectos.com\/wp-content\/uploads\/2023\/05\/Synchro-Proyectos5.png&#8221; title_text=&#8221;Synchro-Proyectos5&#8243; align=&#8221;center&#8221; _builder_version=&#8221;4.17.1&#8243; _module_preset=&#8221;default&#8221; width=&#8221;50%&#8221; module_alignment=&#8221;center&#8221; height_tablet=&#8221;&#8221; height_phone=&#8221;&#8221; height_last_edited=&#8221;on|phone&#8221; border_radii=&#8221;on|100%|100%|100%|100%&#8221; box_shadow_style=&#8221;preset2&#8243; global_colors_info=&#8221;{}&#8221;][\/et_pb_image][et_pb_text _builder_version=&#8221;4.17.1&#8243; _module_preset=&#8221;default&#8221; global_colors_info=&#8221;{}&#8221;]<\/p>\n<h3 style=\"text-align: center;\"><span style=\"font-weight: 400;\">Grupo GEA<\/span><\/h3>\n<ul>\n<li style=\"text-align: left;\">Servicio de desarrollo de producto y administraci\u00f3n de proyecto.<\/li>\n<\/ul>\n<p>[\/et_pb_text][\/et_pb_column][\/et_pb_row][et_pb_row column_structure=&#8221;1_3,1_3,1_3&#8243; _builder_version=&#8221;4.17.1&#8243; _module_preset=&#8221;default&#8221; global_colors_info=&#8221;{}&#8221;][et_pb_column type=&#8221;1_3&#8243; _builder_version=&#8221;4.17.1&#8243; _module_preset=&#8221;default&#8221; global_colors_info=&#8221;{}&#8221;][et_pb_image src=&#8221;https:\/\/synchroproyectos.com\/wp-content\/uploads\/2023\/05\/Synchro-Proyectos6.png&#8221; title_text=&#8221;Synchro-Proyectos6&#8243; align=&#8221;center&#8221; _builder_version=&#8221;4.17.1&#8243; _module_preset=&#8221;default&#8221; width=&#8221;50%&#8221; module_alignment=&#8221;center&#8221; height_tablet=&#8221;&#8221; height_phone=&#8221;&#8221; height_last_edited=&#8221;on|tablet&#8221; border_radii=&#8221;on|100%|100%|100%|100%&#8221; box_shadow_style=&#8221;preset2&#8243; global_colors_info=&#8221;{}&#8221;][\/et_pb_image][et_pb_text _builder_version=&#8221;4.17.1&#8243; _module_preset=&#8221;default&#8221; global_colors_info=&#8221;{}&#8221;]<\/p>\n<h3 style=\"text-align: center;\"><span style=\"font-weight: 400;\">Edifix<\/span><\/h3>\n<ul>\n<li style=\"text-align: left;\">Contructora Asociada.<\/li>\n<\/ul>\n<p>[\/et_pb_text][\/et_pb_column][et_pb_column type=&#8221;1_3&#8243; _builder_version=&#8221;4.17.1&#8243; _module_preset=&#8221;default&#8221; global_colors_info=&#8221;{}&#8221;][et_pb_image src=&#8221;https:\/\/synchroproyectos.com\/wp-content\/uploads\/2023\/04\/Synchro-Clientes3-1.png&#8221; title_text=&#8221;Synchro-Clientes3-1&#8243; align=&#8221;center&#8221; _builder_version=&#8221;4.17.1&#8243; _module_preset=&#8221;default&#8221; width=&#8221;50%&#8221; module_alignment=&#8221;center&#8221; height_tablet=&#8221;&#8221; height_phone=&#8221;&#8221; height_last_edited=&#8221;on|tablet&#8221; border_radii=&#8221;on|100%|100%|100%|100%&#8221; box_shadow_style=&#8221;preset2&#8243; global_colors_info=&#8221;{}&#8221;][\/et_pb_image][et_pb_text _builder_version=&#8221;4.17.1&#8243; _module_preset=&#8221;default&#8221; global_colors_info=&#8221;{}&#8221;]<\/p>\n<h3 style=\"text-align: center;\"><span style=\"font-weight: 400;\">Altos de Mar\u00eda<\/span><\/h3>\n<ul>\n<li style=\"text-align: left;\">Consultoria y analisis de proyectos para diagnostico de oportunidades &#8220;Wellnes&#8221;.<\/li>\n<li style=\"text-align: left;\">Generaci\u00f3n de contenido para mercadeo transformaci\u00f3n de atributos del preducto y del mercado.<\/li>\n<\/ul>\n<p>[\/et_pb_text][\/et_pb_column][et_pb_column type=&#8221;1_3&#8243; _builder_version=&#8221;4.17.1&#8243; _module_preset=&#8221;default&#8221; global_colors_info=&#8221;{}&#8221;][et_pb_image src=&#8221;https:\/\/synchroproyectos.com\/wp-content\/uploads\/2023\/04\/Synchro-Clientes2-1.png&#8221; title_text=&#8221;Synchro-Clientes2-1&#8243; align=&#8221;center&#8221; _builder_version=&#8221;4.17.1&#8243; _module_preset=&#8221;default&#8221; width=&#8221;50%&#8221; module_alignment=&#8221;center&#8221; height_tablet=&#8221;&#8221; height_phone=&#8221;&#8221; height_last_edited=&#8221;on|phone&#8221; border_radii=&#8221;on|100%|100%|100%|100%&#8221; box_shadow_style=&#8221;preset2&#8243; global_colors_info=&#8221;{}&#8221;][\/et_pb_image][et_pb_text _builder_version=&#8221;4.17.1&#8243; _module_preset=&#8221;default&#8221; global_colors_info=&#8221;{}&#8221;]<\/p>\n<h3 style=\"text-align: center;\"><span style=\"font-weight: 400;\">Panama Pacifico<\/span><\/h3>\n<ul>\n<li style=\"text-align: left;\">Administraci\u00f3n de proyectos en general desarrollo y planificaci\u00f3n maestra.<\/li>\n<li style=\"text-align: left;\">Desarrollo de productos residencial y comercial.<\/li>\n<li style=\"text-align: left;\">Desarrollo de creaci\u00f3n de lugares.<\/li>\n<li style=\"text-align: left;\">Desarrollo plan de movilidad sostenible (1,400 Ha) y mil trecientas residencias.<\/li>\n<\/ul>\n<p>[\/et_pb_text][\/et_pb_column][\/et_pb_row][et_pb_row column_structure=&#8221;1_3,1_3,1_3&#8243; _builder_version=&#8221;4.17.1&#8243; _module_preset=&#8221;default&#8221; global_colors_info=&#8221;{}&#8221;][et_pb_column type=&#8221;1_3&#8243; _builder_version=&#8221;4.17.1&#8243; _module_preset=&#8221;default&#8221; global_colors_info=&#8221;{}&#8221;][et_pb_image src=&#8221;https:\/\/synchroproyectos.com\/wp-content\/uploads\/2023\/05\/Synchro-Proyectos4.png&#8221; title_text=&#8221;Synchro-Proyectos4&#8243; align=&#8221;center&#8221; _builder_version=&#8221;4.17.1&#8243; _module_preset=&#8221;default&#8221; width=&#8221;50%&#8221; module_alignment=&#8221;center&#8221; height_tablet=&#8221;&#8221; height_phone=&#8221;&#8221; height_last_edited=&#8221;on|tablet&#8221; border_radii=&#8221;on|100%|100%|100%|100%&#8221; box_shadow_style=&#8221;preset2&#8243; global_colors_info=&#8221;{}&#8221;][\/et_pb_image][et_pb_text _builder_version=&#8221;4.17.1&#8243; _module_preset=&#8221;default&#8221; global_colors_info=&#8221;{}&#8221;]<\/p>\n<h3 style=\"text-align: center;\"><span style=\"font-weight: 400;\">Well<\/span><\/h3>\n<ul>\n<li style=\"text-align: left;\">Clientes privados en proceso de certificaci\u00f3n Well.<\/li>\n<\/ul>\n<p>[\/et_pb_text][\/et_pb_column][et_pb_column type=&#8221;1_3&#8243; _builder_version=&#8221;4.17.1&#8243; _module_preset=&#8221;default&#8221; global_colors_info=&#8221;{}&#8221;][\/et_pb_column][et_pb_column type=&#8221;1_3&#8243; _builder_version=&#8221;4.17.1&#8243; _module_preset=&#8221;default&#8221; global_colors_info=&#8221;{}&#8221;][\/et_pb_column][\/et_pb_row][\/et_pb_section][et_pb_section fb_built=&#8221;1&#8243; fullwidth=&#8221;on&#8221; admin_label=&#8221;Footer&#8221; _builder_version=&#8221;4.17.1&#8243; _module_preset=&#8221;default&#8221; width=&#8221;90vw&#8221; width_tablet=&#8221;100%&#8221; width_phone=&#8221;&#8221; width_last_edited=&#8221;on|desktop&#8221; module_alignment=&#8221;center&#8221; locked=&#8221;off&#8221; global_colors_info=&#8221;{}&#8221;][et_pb_fullwidth_header title=&#8221;Para nosotros, cada proyecto es una oportunidad \u00fanica de crear algo especial y trascendental.&#8221; text_orientation=&#8221;center&#8221; button_one_text=&#8221;Cont\u00e1ctanos&#8221; button_one_url=&#8221;https:\/\/synchroproyectos.com\/contacto\/&#8221; _builder_version=&#8221;4.17.1&#8243; _module_preset=&#8221;default&#8221; title_font=&#8221;|600|||||||&#8221; title_text_align=&#8221;center&#8221; title_font_size=&#8221;42px&#8221; title_line_height=&#8221;1.2em&#8221; content_font=&#8221;||||||||&#8221; content_text_align=&#8221;left&#8221; content_font_size=&#8221;18px&#8221; content_line_height=&#8221;1.8em&#8221; background_color=&#8221;#1c3f39&#8243; use_background_color_gradient=&#8221;on&#8221; background_color_gradient_stops=&#8221;rgba(13,148,152,0.58) 0%|rgba(28,63,57,0.79) 100%&#8221; background_color_gradient_overlays_image=&#8221;on&#8221; background_image=&#8221;https:\/\/synchroproyectos.com\/wp-content\/uploads\/2023\/04\/Nosotros-Synchro3.jpg&#8221; custom_button_one=&#8221;on&#8221; button_one_text_size=&#8221;14px&#8221; button_one_text_color=&#8221;#2a2a2a&#8221; button_one_bg_color=&#8221;#ffffff&#8221; button_one_border_color=&#8221;rgba(0,0,0,0)&#8221; button_one_border_radius=&#8221;100px&#8221; button_one_letter_spacing=&#8221;2px&#8221; button_one_font=&#8221;Raleway|700||on|||||&#8221; button_one_icon=&#8221;&#x24;||divi||400&#8243; button_one_custom_padding=&#8221;15px|40px|15px|40px|true|true&#8221; custom_button_two=&#8221;on&#8221; button_two_text_size=&#8221;14px&#8221; button_two_text_color=&#8221;#ffffff&#8221; button_two_bg_color=&#8221;rgba(255,255,255,0)&#8221; button_two_border_color=&#8221;#ffffff&#8221; button_two_border_radius=&#8221;100px&#8221; button_two_letter_spacing=&#8221;2px&#8221; button_two_font=&#8221;Raleway|700||on|||||&#8221; button_two_icon=&#8221;&#x24;||divi||400&#8243; button_two_custom_padding=&#8221;15px|40px|15px|40px|true|true&#8221; custom_padding=&#8221;7vw|0px|7vw||true|false&#8221; custom_padding_tablet=&#8221;|0vw||&#8221; custom_padding_phone=&#8221;&#8221; custom_padding_last_edited=&#8221;on|desktop&#8221; title_font_size_tablet=&#8221;32px&#8221; title_font_size_phone=&#8221;26px&#8221; title_font_size_last_edited=&#8221;on|phone&#8221; content_font_size_tablet=&#8221;&#8221; content_font_size_phone=&#8221;14px&#8221; content_font_size_last_edited=&#8221;on|desktop&#8221; custom_css_header_container=&#8221;width: 100%;&#8221; global_colors_info=&#8221;{}&#8221;]<\/p>\n<p style=\"text-align: center;\">Nos apasiona ayudar a nuestros clientes en la administraci\u00f3n de proyectos inmobiliarios, a dar vida a sus visiones y aportar <em>valor<\/em> a la comunidad en la que se desarrollan. Nuestra misi\u00f3n es ser una empresa l\u00edder en la industria inmobiliaria, reconocida por nuestra calidad, innovaci\u00f3n y compromiso con nuestros clientes. Estamos comprometidos con la \u00e9tica, la excelencia, la integridad y el trabajo en equipo.<\/p>\n<p>[\/et_pb_fullwidth_header][\/et_pb_section]<\/p>\n","protected":false},"excerpt":{"rendered":"<p>Nuestros ProyectosSynchro es una empresa que ha estado en la industria inmobiliaria durante los \u00faltimos 14 a\u00f1os. Desde nuestra fundaci\u00f3n, nos hemos dedicado a ofrecer servicios estrat\u00e9gicos de alto impacto que generan valor a los activos inmobiliarios. Para nosotros, cada proyecto es una oportunidad \u00fanica de crear algo especial y trascendental. Nos apasiona ayudar a [&hellip;]<\/p>\n","protected":false},"author":1,"featured_media":0,"parent":0,"menu_order":0,"comment_status":"closed","ping_status":"closed","template":"","meta":{"nf_dc_page":"","_et_pb_use_builder":"on","_et_pb_old_content":"<!-- wp:divi\/placeholder \/-->","_et_gb_content_width":"","om_disable_all_campaigns":false,"footnotes":""},"class_list":["post-220","page","type-page","status-publish","hentry"],"yoast_head":"<!-- This site is optimized with the Yoast SEO plugin v27.5 - https:\/\/yoast.com\/product\/yoast-seo-wordpress\/ -->\n<title>Proyectos - Synchro Proyectos<\/title>\n<meta name=\"robots\" content=\"index, follow, max-snippet:-1, max-image-preview:large, max-video-preview:-1\" \/>\n<link rel=\"canonical\" href=\"https:\/\/synchroproyectos.com\/en\/proyectos\/\" \/>\n<meta property=\"og:locale\" content=\"en_US\" \/>\n<meta property=\"og:type\" content=\"article\" \/>\n<meta property=\"og:title\" content=\"Proyectos - Synchro Proyectos\" \/>\n<meta property=\"og:description\" content=\"Nuestros ProyectosSynchro es una empresa que ha estado en la industria inmobiliaria durante los \u00faltimos 14 a\u00f1os. Desde nuestra fundaci\u00f3n, nos hemos dedicado a ofrecer servicios estrat\u00e9gicos de alto impacto que generan valor a los activos inmobiliarios. Para nosotros, cada proyecto es una oportunidad \u00fanica de crear algo especial y trascendental. Nos apasiona ayudar a [&hellip;]\" \/>\n<meta property=\"og:url\" content=\"https:\/\/synchroproyectos.com\/en\/proyectos\/\" \/>\n<meta property=\"og:site_name\" content=\"Synchro Proyectos\" \/>\n<meta property=\"article:modified_time\" content=\"2023-05-19T16:38:32+00:00\" \/>\n<meta name=\"twitter:card\" content=\"summary_large_image\" \/>\n<script type=\"application\/ld+json\" class=\"yoast-schema-graph\">{\"@context\":\"https:\\\/\\\/schema.org\",\"@graph\":[{\"@type\":\"WebPage\",\"@id\":\"https:\\\/\\\/synchroproyectos.com\\\/proyectos\\\/\",\"url\":\"https:\\\/\\\/synchroproyectos.com\\\/proyectos\\\/\",\"name\":\"Proyectos - Synchro Proyectos\",\"isPartOf\":{\"@id\":\"https:\\\/\\\/synchroproyectos.com\\\/#website\"},\"datePublished\":\"2023-04-28T21:37:52+00:00\",\"dateModified\":\"2023-05-19T16:38:32+00:00\",\"breadcrumb\":{\"@id\":\"https:\\\/\\\/synchroproyectos.com\\\/proyectos\\\/#breadcrumb\"},\"inLanguage\":\"en-US\",\"potentialAction\":[{\"@type\":\"ReadAction\",\"target\":[\"https:\\\/\\\/synchroproyectos.com\\\/proyectos\\\/\"]}]},{\"@type\":\"BreadcrumbList\",\"@id\":\"https:\\\/\\\/synchroproyectos.com\\\/proyectos\\\/#breadcrumb\",\"itemListElement\":[{\"@type\":\"ListItem\",\"position\":1,\"name\":\"Home\",\"item\":\"https:\\\/\\\/synchroproyectos.com\\\/\"},{\"@type\":\"ListItem\",\"position\":2,\"name\":\"Proyectos\"}]},{\"@type\":\"WebSite\",\"@id\":\"https:\\\/\\\/synchroproyectos.com\\\/#website\",\"url\":\"https:\\\/\\\/synchroproyectos.com\\\/\",\"name\":\"Synchro Proyectos\",\"description\":\"Somos una empresa que ofrece servicios de administraci\u00f3n de proyectos para crear y sincronizar los desarrollos a las expectativas financieras, sostenibles y de bienestar humano.og\",\"potentialAction\":[{\"@type\":\"SearchAction\",\"target\":{\"@type\":\"EntryPoint\",\"urlTemplate\":\"https:\\\/\\\/synchroproyectos.com\\\/?s={search_term_string}\"},\"query-input\":{\"@type\":\"PropertyValueSpecification\",\"valueRequired\":true,\"valueName\":\"search_term_string\"}}],\"inLanguage\":\"en-US\"}]}<\/script>\n<!-- \/ Yoast SEO plugin. -->","yoast_head_json":{"title":"Proyectos - Synchro Proyectos","robots":{"index":"index","follow":"follow","max-snippet":"max-snippet:-1","max-image-preview":"max-image-preview:large","max-video-preview":"max-video-preview:-1"},"canonical":"https:\/\/synchroproyectos.com\/en\/proyectos\/","og_locale":"en_US","og_type":"article","og_title":"Proyectos - Synchro Proyectos","og_description":"Nuestros ProyectosSynchro es una empresa que ha estado en la industria inmobiliaria durante los \u00faltimos 14 a\u00f1os. Desde nuestra fundaci\u00f3n, nos hemos dedicado a ofrecer servicios estrat\u00e9gicos de alto impacto que generan valor a los activos inmobiliarios. Para nosotros, cada proyecto es una oportunidad \u00fanica de crear algo especial y trascendental. Nos apasiona ayudar a [&hellip;]","og_url":"https:\/\/synchroproyectos.com\/en\/proyectos\/","og_site_name":"Synchro Proyectos","article_modified_time":"2023-05-19T16:38:32+00:00","twitter_card":"summary_large_image","schema":{"@context":"https:\/\/schema.org","@graph":[{"@type":"WebPage","@id":"https:\/\/synchroproyectos.com\/proyectos\/","url":"https:\/\/synchroproyectos.com\/proyectos\/","name":"Proyectos - Synchro Proyectos","isPartOf":{"@id":"https:\/\/synchroproyectos.com\/#website"},"datePublished":"2023-04-28T21:37:52+00:00","dateModified":"2023-05-19T16:38:32+00:00","breadcrumb":{"@id":"https:\/\/synchroproyectos.com\/proyectos\/#breadcrumb"},"inLanguage":"en-US","potentialAction":[{"@type":"ReadAction","target":["https:\/\/synchroproyectos.com\/proyectos\/"]}]},{"@type":"BreadcrumbList","@id":"https:\/\/synchroproyectos.com\/proyectos\/#breadcrumb","itemListElement":[{"@type":"ListItem","position":1,"name":"Home","item":"https:\/\/synchroproyectos.com\/"},{"@type":"ListItem","position":2,"name":"Proyectos"}]},{"@type":"WebSite","@id":"https:\/\/synchroproyectos.com\/#website","url":"https:\/\/synchroproyectos.com\/","name":"Synchro Proyectos","description":"Somos una empresa que ofrece servicios de administraci\u00f3n de proyectos para crear y sincronizar los desarrollos a las expectativas financieras, sostenibles y de bienestar humano.og","potentialAction":[{"@type":"SearchAction","target":{"@type":"EntryPoint","urlTemplate":"https:\/\/synchroproyectos.com\/?s={search_term_string}"},"query-input":{"@type":"PropertyValueSpecification","valueRequired":true,"valueName":"search_term_string"}}],"inLanguage":"en-US"}]}},"jetpack_sharing_enabled":true,"_links":{"self":[{"href":"https:\/\/synchroproyectos.com\/en\/wp-json\/wp\/v2\/pages\/220","targetHints":{"allow":["GET"]}}],"collection":[{"href":"https:\/\/synchroproyectos.com\/en\/wp-json\/wp\/v2\/pages"}],"about":[{"href":"https:\/\/synchroproyectos.com\/en\/wp-json\/wp\/v2\/types\/page"}],"author":[{"embeddable":true,"href":"https:\/\/synchroproyectos.com\/en\/wp-json\/wp\/v2\/users\/1"}],"replies":[{"embeddable":true,"href":"https:\/\/synchroproyectos.com\/en\/wp-json\/wp\/v2\/comments?post=220"}],"version-history":[{"count":5,"href":"https:\/\/synchroproyectos.com\/en\/wp-json\/wp\/v2\/pages\/220\/revisions"}],"predecessor-version":[{"id":497,"href":"https:\/\/synchroproyectos.com\/en\/wp-json\/wp\/v2\/pages\/220\/revisions\/497"}],"wp:attachment":[{"href":"https:\/\/synchroproyectos.com\/en\/wp-json\/wp\/v2\/media?parent=220"}],"curies":[{"name":"wp","href":"https:\/\/api.w.org\/{rel}","templated":true}]}}